{"id":23,"date":"2018-07-23T16:26:21","date_gmt":"2018-07-23T16:26:21","guid":{"rendered":"http:\/\/localhost\/asociacionmocana\/?page_id=23"},"modified":"2019-11-25T18:57:00","modified_gmt":"2019-11-25T18:57:00","slug":"apoyo-a-la-comunidad","status":"publish","type":"page","link":"https:\/\/www.asomap.com.do\/?page_id=23","title":{"rendered":"Apoyo a la Comunidad"},"content":{"rendered":"<p>Dentro de nuestra pol\u00edtica de responsabilidad social, la Asociaci\u00f3n Mocana de Ahorros y Pr\u00e9stamos contribuye con las instituciones sin fines de lucro que trabajan a favor de los m\u00e1s necesitados en la zona de incidencia de la entidad. Asimismo, aporta a las entidades propulsoras del deporte y la cultura de la regi\u00f3n.<\/p>\n<h3>Responsabilidad Social<\/h3>\n<p>La Asociaci\u00f3n Mocana de Ahorros y Pr\u00e9stamos, como ciudadano corporativo ejemplar, realiz\u00f3 aportes considerables en beneficio de la educaci\u00f3n, la cultura, las artes, el deporte y las organizaciones que trabajan en beneficio de los m\u00e1s necesitados, en las poblaciones en las que tiene presencia.<\/p>\n<p>La Entidad financiera hizo aportes a organizaciones e instituciones como: El Albergue Educativo Infantil, las parroquias del Santuario Nacional del Sagrado Coraz\u00f3n de Jes\u00fas y Nuestra se\u00f1ora del Rosario, de Moca; el Centro Juvenil Don Bosco, el Hogar Escuela La Milagrosa, el Hogar para Ancianos Desvalidos Sant\u00edsima Trinidad, \u00a0el Cuerpo de Bomberos Civiles, el Patronato Cibao de Rehabilitaci\u00f3n, Hogares Crea, Patronato de Lucha contra el C\u00e1ncer (Filial Moca), La Defensa Civil, Escuela Madre Mazarello, entre otras de la Provincia Espaillat y de Moca, Gaspar Hern\u00e1ndez, Cayetano Germos\u00e9n, Villa Tapia, Licey al Medio, Altamira, San V\u00edctor, Juan L\u00f3pez y Santiago, donde la Asociaci\u00f3n tiene oficinas.<\/p>\n<p>En el \u00e1rea cultural, la Asociaci\u00f3n patrocin\u00f3 diversas publicaciones tales como: libros, brochures, conciertos, populares, fiestas de carnaval, fiestas patronales y ferias multisevicios.<\/p>\n<p>En el \u00e1mbito deportivo, esta entidad apoy\u00f3 diversas actividades y campeonatos a nivel nacional e internacional en las disciplinas de: b\u00e9isbol, ajedrez, damas, baloncesto, voleibol, f\u00fatbol y softball.<\/p>\n","protected":false},"excerpt":{"rendered":"<p>Dentro de nuestra pol\u00edtica de responsabilidad social, la Asociaci\u00f3n Mocana de Ahorros y Pr\u00e9stamos contribuye con las instituciones sin fines de lucro que trabajan a favor de los m\u00e1s necesitados en la zona de incidencia de la entidad. Asimismo, aporta a las entidades propulsoras del deporte y la cultura de la regi\u00f3n. Responsabilidad Social La [&hellip;]<\/p>\n","protected":false},"author":1,"featured_media":135,"parent":11,"menu_order":0,"comment_status":"closed","ping_status":"closed","template":"template-sobrenosotros.php","meta":{"_acf_changed":false,"footnotes":""},"class_list":["post-23","page","type-page","status-publish","has-post-thumbnail","hentry"],"acf":[],"_links":{"self":[{"href":"https:\/\/www.asomap.com.do\/index.php?rest_route=\/wp\/v2\/pages\/23","targetHints":{"allow":["GET"]}}],"collection":[{"href":"https:\/\/www.asomap.com.do\/index.php?rest_route=\/wp\/v2\/pages"}],"about":[{"href":"https:\/\/www.asomap.com.do\/index.php?rest_route=\/wp\/v2\/types\/page"}],"author":[{"embeddable":true,"href":"https:\/\/www.asomap.com.do\/index.php?rest_route=\/wp\/v2\/users\/1"}],"replies":[{"embeddable":true,"href":"https:\/\/www.asomap.com.do\/index.php?rest_route=%2Fwp%2Fv2%2Fcomments&post=23"}],"version-history":[{"count":10,"href":"https:\/\/www.asomap.com.do\/index.php?rest_route=\/wp\/v2\/pages\/23\/revisions"}],"predecessor-version":[{"id":830,"href":"https:\/\/www.asomap.com.do\/index.php?rest_route=\/wp\/v2\/pages\/23\/revisions\/830"}],"up":[{"embeddable":true,"href":"https:\/\/www.asomap.com.do\/index.php?rest_route=\/wp\/v2\/pages\/11"}],"wp:featuredmedia":[{"embeddable":true,"href":"https:\/\/www.asomap.com.do\/index.php?rest_route=\/wp\/v2\/media\/135"}],"wp:attachment":[{"href":"https:\/\/www.asomap.com.do\/index.php?rest_route=%2Fwp%2Fv2%2Fmedia&parent=23"}],"curies":[{"name":"wp","href":"https:\/\/api.w.org\/{rel}","templated":true}]}}