{"id":293,"date":"2019-05-22T19:04:47","date_gmt":"2019-05-22T19:04:47","guid":{"rendered":"https:\/\/www.asomap.com.do\/?page_id=293"},"modified":"2019-11-14T20:10:35","modified_gmt":"2019-11-14T20:10:35","slug":"prestamos-empresariales","status":"publish","type":"page","link":"https:\/\/www.asomap.com.do\/?page_id=293","title":{"rendered":"Prestamos Empresariales"},"content":{"rendered":"<p>En La Asociaci\u00f3n Mocana de Ahorros y Pr\u00e9stamos nos preocupamos por ser una alternativa de soluciones a nuestros clientes, ponemos a su disposici\u00f3n nuestros servicios en l\u00ednea, por medio de los cuales usted puede tener acceso las 24 horas del d\u00eda durante todo el a\u00f1o.<\/p>\n<div class=\"prodct\">\n<ul>\n<li><a href=\"http:\/\/www.asociacionmocana.com\/app\/do\/productos_det.aspx?id=550\">Pr\u00e9stamos Comerciales\u00a0<\/a><\/li>\n<\/ul>\n<p>Son aquellos cr\u00e9ditos otorgados a personas f\u00edsicas o jur\u00eddicas, cuyo objeto es promover sectores de la econom\u00eda, tales como: agropecuario, industrial, turismo, comercio, exportaci\u00f3n, miner\u00eda, construcci\u00f3n, comunicaciones, financieros y otras actividades de la econom\u00eda.<\/p>\n<ul>\n<li><a href=\"https:\/\/www.asomap.com.do\/?page_id=113\">Pr\u00e9stamos Pymes<\/a><\/li>\n<\/ul>\n<p>Es una modalidad de pr\u00e9stamo comercial dirigido al sector de la micro y peque\u00f1a empresa. Se otorgar\u00e1n seg\u00fan lo establecido y aprobado por el Consejo de Directores de la Asociaci\u00f3n el 25\/9\/2009 en el Manual de Productos Pr\u00e9stamo L\u00edquido para Microempresarios.<\/p>\n<ul>\n<li><a href=\"http:\/\/www.asociacionmocana.com\/app\/do\/productos_det.aspx?id=466\">L\u00ednea de Cr\u00e9dito<\/a><\/li>\n<\/ul>\n<p>Es un contrato en virtud del cual, la Asociaci\u00f3n Mocana se obliga con nuestros clientes hasta una cantidad determinada y durante cierto tiempo, a concederle cr\u00e9dito mediante desembolso de dinero, abono en cuenta corriente, aceptaciones de letras de cambio, concesi\u00f3n de avales o garant\u00edas; recibiendo como pago el reembolso de las sumas efectivamente desembolsadas y pago de intereses y otros gastos expresamente convenidos.<\/p>\n<ul>\n<li><a href=\"http:\/\/www.asociacionmocana.com\/app\/do\/productos_det.aspx?id=469\">N\u00f3mina Electr\u00f3nica<\/a><\/li>\n<\/ul>\n<p>Este servicio de pago de n\u00f3mina a trav\u00e9s de nuestra tarjeta de d\u00e9bito Visa Electr\u00f3n permite a las empresas pagar a sus empleados de forma f\u00e1cil y r\u00e1pida con altos niveles de seguridad. Deposite el monto a pagar a sus empleados y nuestro Departamento de Tarjeta de D\u00e9bito se encargar\u00e1 de distribuir los pagos correspondientes.<\/p>\n<\/div>\n","protected":false},"excerpt":{"rendered":"<p>En La Asociaci\u00f3n Mocana de Ahorros y Pr\u00e9stamos nos preocupamos por ser una alternativa de soluciones a nuestros clientes, ponemos a su disposici\u00f3n nuestros servicios en l\u00ednea, por medio de los cuales usted puede tener acceso las 24 horas del d\u00eda durante todo el a\u00f1o. Pr\u00e9stamos Comerciales\u00a0 Son aquellos cr\u00e9ditos otorgados a personas f\u00edsicas o [&hellip;]<\/p>\n","protected":false},"author":8,"featured_media":0,"parent":25,"menu_order":0,"comment_status":"closed","ping_status":"closed","template":"template-productos.php","meta":{"_acf_changed":false,"footnotes":""},"class_list":["post-293","page","type-page","status-publish","hentry"],"acf":[],"_links":{"self":[{"href":"https:\/\/www.asomap.com.do\/index.php?rest_route=\/wp\/v2\/pages\/293","targetHints":{"allow":["GET"]}}],"collection":[{"href":"https:\/\/www.asomap.com.do\/index.php?rest_route=\/wp\/v2\/pages"}],"about":[{"href":"https:\/\/www.asomap.com.do\/index.php?rest_route=\/wp\/v2\/types\/page"}],"author":[{"embeddable":true,"href":"https:\/\/www.asomap.com.do\/index.php?rest_route=\/wp\/v2\/users\/8"}],"replies":[{"embeddable":true,"href":"https:\/\/www.asomap.com.do\/index.php?rest_route=%2Fwp%2Fv2%2Fcomments&post=293"}],"version-history":[{"count":4,"href":"https:\/\/www.asomap.com.do\/index.php?rest_route=\/wp\/v2\/pages\/293\/revisions"}],"predecessor-version":[{"id":319,"href":"https:\/\/www.asomap.com.do\/index.php?rest_route=\/wp\/v2\/pages\/293\/revisions\/319"}],"up":[{"embeddable":true,"href":"https:\/\/www.asomap.com.do\/index.php?rest_route=\/wp\/v2\/pages\/25"}],"wp:attachment":[{"href":"https:\/\/www.asomap.com.do\/index.php?rest_route=%2Fwp%2Fv2%2Fmedia&parent=293"}],"curies":[{"name":"wp","href":"https:\/\/api.w.org\/{rel}","templated":true}]}}