{"id":43,"date":"2018-07-23T16:30:51","date_gmt":"2018-07-23T16:30:51","guid":{"rendered":"http:\/\/localhost\/asociacionmocana\/?page_id=43"},"modified":"2026-03-11T15:48:36","modified_gmt":"2026-03-11T19:48:36","slug":"contratos-de-adhesion","status":"publish","type":"page","link":"https:\/\/www.asomap.com.do\/?page_id=43","title":{"rendered":"Contratos de adhesi\u00f3n"},"content":{"rendered":"<p><a href=\"https:\/\/www.asomap.com.do\/wp-content\/uploads\/2026\/03\/CERTIFICACION-DE-AUTORIZACION-DE-CONSENTIMIENTO.docx\">Certificaci\u00f3n de Autorizaci\u00f3n de Consentimiento<\/a><\/p>\n<hr \/>\n<p><a href=\"https:\/\/www.asomap.com.do\/wp-content\/uploads\/2026\/03\/CERTIFICACION-DE-NO-AUTORIZACION-DE-CONSENTIMIENTO.docx\">Certificaci\u00f3n de No Autorizaci\u00f3n de Consentimiento<\/a><\/p>\n<hr \/>\n<p><a href=\"https:\/\/www.asomap.com.do\/wp-content\/uploads\/2026\/03\/CONT-CTA.-PERS.-JURIDICA.docx\">Contrato Cuenta Persona Jur\u00eddica\u00a0<\/a><\/p>\n<hr \/>\n<p><a href=\"https:\/\/www.asomap.com.do\/wp-content\/uploads\/2026\/03\/CONT-DEP.-NOCTURNO-1.docx\">Contrato Dep\u00f3sito Nocturno<\/a><\/p>\n<hr \/>\n<p><a href=\"https:\/\/www.asomap.com.do\/wp-content\/uploads\/2026\/03\/CONTRATO-CMFC.docx\">Contrato CMFC<\/a><\/p>\n<hr \/>\n<p><a href=\"https:\/\/www.asomap.com.do\/wp-content\/uploads\/2026\/03\/CONTRATO-CMFS.docx\">Contrato CMFS<\/a><\/p>\n<hr \/>\n<p><a href=\"https:\/\/www.asomap.com.do\/wp-content\/uploads\/2026\/03\/CONTRATO-PekeS.docx\">Contrato Pekes<\/a><\/p>\n<hr \/>\n<p><a href=\"https:\/\/www.asomap.com.do\/wp-content\/uploads\/2026\/03\/CONTRATO-CUENTA-INDIVIDUAL.docx\">Contrato Cuenta Individual<\/a><\/p>\n<hr \/>\n<p><a href=\"https:\/\/www.asomap.com.do\/wp-content\/uploads\/2026\/03\/Contrato-de-prestamo-garantizado-lm.doc\">Contrato de Pr\u00e9stamo Garantizado\u00a0<\/a><\/p>\n<hr \/>\n<p><a href=\"https:\/\/www.asomap.com.do\/wp-content\/uploads\/2026\/03\/CONTRATO-DE-TARJETA-DE-DEBITO.docx\">Contrato Tarjeta de D\u00e9bito<\/a><\/p>\n<hr \/>\n<p><a href=\"https:\/\/www.asomap.com.do\/wp-content\/uploads\/2026\/03\/CONTRATO-IB.docx\">Contrato Internet Banking<\/a><\/p>\n<hr \/>\n<p><a href=\"https:\/\/www.asomap.com.do\/wp-content\/uploads\/2026\/03\/CONT-SAN-IDEAL.docx\">Contrato San Ideal<\/a><\/p>\n<hr \/>\n<p><a href=\"https:\/\/www.asomap.com.do\/wp-content\/uploads\/2026\/03\/PAGARE-PERSONAL.doc\">Pagar\u00e9 Personal<\/a><\/p>\n<hr \/>\n<p><a href=\"https:\/\/www.asomap.com.do\/wp-content\/uploads\/2026\/03\/CONTRATO-DE-COMPRA-VENTA-DE-INMUEBLE-Y-PRESTAMO-HIPOTECARIO.doc\">Contrato de Compra &#8211; Venta de Inmueble y Pr\u00e9stamo Hipotecario<\/a><\/p>\n<hr \/>\n<p><a href=\"https:\/\/www.asomap.com.do\/wp-content\/uploads\/2026\/03\/CONTRATO-DE-COMPRA-VENTA-DE-VIVIENDA-DE-BAJO-COSTO-Y-PRESTAMO-HIPOTECARIO.docx\">Contrato de Compra &#8211; Venta de Vivienda de Bajo Costo y Pr\u00e9stamo Hipotecario\u00a0<\/a><\/p>\n<hr \/>\n<p><a href=\"https:\/\/www.asomap.com.do\/wp-content\/uploads\/2026\/03\/CONTRATO-DE-FIDEICOMISO.docx\">Contrato de Fideicomiso<\/a><\/p>\n<hr \/>\n<p><a href=\"https:\/\/www.asomap.com.do\/wp-content\/uploads\/2026\/03\/CONTRATO-DE-PRESTAMO-COMERCIAL-LINEA-DE-CREDITO-REVOLVENTE-A-SOLO-FIRMA.docx\">Contrato de Pr\u00e9stamo Comercial (L\u00ednea de Cr\u00e9dito Revolvente) a solo firma<\/a><\/p>\n<hr \/>\n<p><a href=\"https:\/\/www.asomap.com.do\/wp-content\/uploads\/2026\/03\/CONTRATO-DE-PRESTAMO-COMERCIAL-LINEA-DE-CREDITO-REVOLVENTE-CON-GARANTIA-HIPOTECARIA.doc\">Contrato de Pr\u00e9stamo Comercial (L\u00ednea de Cr\u00e9dito Revolvente) con garant\u00eda hipotecaria<\/a><\/p>\n<hr \/>\n<p><a href=\"https:\/\/www.asomap.com.do\/wp-content\/uploads\/2026\/03\/CONTRATO-DE-PRESTAMO-COMERCIAL-CON-GARANTIA-HIPOTECARIA.doc\">Contrato de Pr\u00e9stamo Comercial con Garant\u00eda Hipotecaria<\/a><\/p>\n<hr \/>\n<p><a href=\"https:\/\/www.asomap.com.do\/wp-content\/uploads\/2026\/03\/CONTRATO-DE-PRESTAMO-CON-GARANTIA-DE-VEHICULO-DE-MOTOR-SIN-POSESION.docx\">Contrato de Pr\u00e9stamo con Garant\u00eda de Veh\u00edculo de Motor, sin Posesi\u00f3n\u00a0<\/a><\/p>\n<hr \/>\n<p><a href=\"https:\/\/www.asomap.com.do\/wp-content\/uploads\/2026\/03\/CONTRATO-DE-PRESTAMO-CON-GARANTIA-MOBILIARIA.docx\">Contrato de Pr\u00e9stamo con Garant\u00eda Mobiliaria\u00a0<\/a><\/p>\n<hr \/>\n<p><a href=\"https:\/\/www.asomap.com.do\/wp-content\/uploads\/2026\/03\/CONTRATO-DE-PRESTAMO-DE-CONSUMO-CON-GARANTIA-HIPOTECARIA-LIBERADO-DE-ENCAJE.doc\">Contrato de Pr\u00e9stamos de Consumo con Garant\u00eda Hipotecaria (liberad de encaje)<\/a><\/p>\n<hr \/>\n<p><a href=\"https:\/\/www.asomap.com.do\/wp-content\/uploads\/2026\/03\/CONTRATO-DE-PRESTAMO-HIPOTECARIO.doc\">Contrato de Pr\u00e9stamo Hipotecario<\/a><\/p>\n<hr \/>\n<p><a href=\"https:\/\/www.asomap.com.do\/wp-content\/uploads\/2026\/03\/CONTRATO-DE-PRESTAMO-PERSONAL-CON-GARANTIA-HIPOTECARIA.doc\">Contrato de Pr\u00e9stamo Personal con Garant\u00eda Hipotecaria<\/a><\/p>\n<hr \/>\n<p><a href=\"https:\/\/www.asomap.com.do\/wp-content\/uploads\/2026\/03\/CONTRATO-PRESTAMO-PERSONAL-liberado-de-encaje.doc\">Contrato de Pr\u00e9stamo Personal (liberado de encaje)<\/a><\/p>\n<hr \/>\n<p><a href=\"https:\/\/www.asomap.com.do\/wp-content\/uploads\/2026\/03\/PAGARE-A-LA-ORDEN-Lineas-a-solo-firma.docx\">Pagare a la Orden l\u00edneas a solo firma<\/a><\/p>\n<hr \/>\n<p><a href=\"https:\/\/www.asomap.com.do\/wp-content\/uploads\/2026\/03\/PAGARE-A-LA-ORDEN.docx\">Pagar\u00e9 a la Orden<\/a><\/p>\n<hr \/>\n<p><a href=\"https:\/\/www.asomap.com.do\/wp-content\/uploads\/2026\/03\/PAGARE-COMERCIAL.doc\">Pagare Comercial<\/a><\/p>\n<hr \/>\n","protected":false},"excerpt":{"rendered":"<p>Certificaci\u00f3n de Autorizaci\u00f3n de Consentimiento Certificaci\u00f3n de No Autorizaci\u00f3n de Consentimiento Contrato Cuenta Persona Jur\u00eddica\u00a0 Contrato Dep\u00f3sito Nocturno Contrato CMFC Contrato CMFS Contrato Pekes Contrato Cuenta Individual Contrato de Pr\u00e9stamo Garantizado\u00a0 Contrato Tarjeta de D\u00e9bito Contrato Internet Banking Contrato San Ideal Pagar\u00e9 Personal Contrato de Compra &#8211; Venta de Inmueble y Pr\u00e9stamo Hipotecario Contrato de [&hellip;]<\/p>\n","protected":false},"author":1,"featured_media":0,"parent":324,"menu_order":0,"comment_status":"closed","ping_status":"closed","template":"template-prousuario.php","meta":{"_acf_changed":false,"footnotes":""},"class_list":["post-43","page","type-page","status-publish","hentry"],"acf":[],"_links":{"self":[{"href":"https:\/\/www.asomap.com.do\/index.php?rest_route=\/wp\/v2\/pages\/43","targetHints":{"allow":["GET"]}}],"collection":[{"href":"https:\/\/www.asomap.com.do\/index.php?rest_route=\/wp\/v2\/pages"}],"about":[{"href":"https:\/\/www.asomap.com.do\/index.php?rest_route=\/wp\/v2\/types\/page"}],"author":[{"embeddable":true,"href":"https:\/\/www.asomap.com.do\/index.php?rest_route=\/wp\/v2\/users\/1"}],"replies":[{"embeddable":true,"href":"https:\/\/www.asomap.com.do\/index.php?rest_route=%2Fwp%2Fv2%2Fcomments&post=43"}],"version-history":[{"count":62,"href":"https:\/\/www.asomap.com.do\/index.php?rest_route=\/wp\/v2\/pages\/43\/revisions"}],"predecessor-version":[{"id":1887,"href":"https:\/\/www.asomap.com.do\/index.php?rest_route=\/wp\/v2\/pages\/43\/revisions\/1887"}],"up":[{"embeddable":true,"href":"https:\/\/www.asomap.com.do\/index.php?rest_route=\/wp\/v2\/pages\/324"}],"wp:attachment":[{"href":"https:\/\/www.asomap.com.do\/index.php?rest_route=%2Fwp%2Fv2%2Fmedia&parent=43"}],"curies":[{"name":"wp","href":"https:\/\/api.w.org\/{rel}","templated":true}]}}